{"id":23,"date":"2025-11-24T23:14:14","date_gmt":"2025-11-25T04:14:14","guid":{"rendered":"https:\/\/piuse.unap.edu.pe\/public\/?page_id=23"},"modified":"2025-11-25T00:45:10","modified_gmt":"2025-11-25T05:45:10","slug":"constancia-de-estudios-concluidos-y-certificado-de-estudios","status":"publish","type":"page","link":"https:\/\/piuse.unap.edu.pe\/public\/?page_id=23","title":{"rendered":"Constancia de estudios concluidos y\u00a0 certificado de estudios"},"content":{"rendered":"\n<ul class=\"wp-block-list\">\n<li><strong>PRIMER PASO:<\/strong><\/li>\n\n\n\n<li><strong>SOLICITAR CONSTANCIA DE CONFORMIDAD:<\/strong>\u00a0Primero\u00a0debe\u00a0solicitar la constancia de conformidad para habilitaci\u00f3n de sistema para tramite de certificado\u00a0 y\/o constancia de egresado (pagar S\/. 21.00 en Banco de la Naci\u00f3n,\u00a0<strong>C\u00f3digo 114,\u00a0<\/strong>pago a realizar con su n\u00famero de DNI)<\/li>\n<\/ul>\n\n\n\n<p>&nbsp;&nbsp;&nbsp;&nbsp;&nbsp;&nbsp;&nbsp;\ud83d\udc49<strong>&nbsp;<\/strong><strong>FORMULARIO PARA SOLICITAR CONSTANCIA DE CONFORMIDAD<\/strong><strong>:<\/strong><strong>&nbsp;<\/strong><a href=\"https:\/\/docs.google.com\/forms\/d\/e\/1FAIpQLScVgWA9RuFEv4319GK1b2G2f0p0NPEAp7DOr2w6oND9CihBQA\/viewform?usp=dialog\" target=\"_blank\" rel=\"noreferrer noopener\"><strong>SOLICITE AQU\u00cd<\/strong><\/a><strong>&nbsp;<\/strong><\/p>\n\n\n\n<p>&nbsp;&nbsp;&nbsp;&nbsp;&nbsp;&nbsp;&nbsp;&nbsp;\ud83d\ude42<strong>NOTA:<\/strong><strong>&nbsp;<\/strong>La constancia de conformidad no se le enviar\u00e1 al interesado, la presente solicitud se realiza para habilitar el sistema. &nbsp; &nbsp; &nbsp; &nbsp; &nbsp; &nbsp; &nbsp; &nbsp; &nbsp; &nbsp; &nbsp; &nbsp; &nbsp; &nbsp; &nbsp; &nbsp; &nbsp; &nbsp; &nbsp; &nbsp;&nbsp;&nbsp;(plazo m\u00e1ximo para habilitar el sistema es de 06 d\u00edas h\u00e1biles).<\/p>\n\n\n\n<ul class=\"wp-block-list\">\n<li>\u00a0Una vez habilitado el sistema contin\u00fae con el tr\u00e1mite de constancia de egresado y\/o certificado de estudios.<\/li>\n<\/ul>\n\n\n\n<ul class=\"wp-block-list\">\n<li><strong>SEGUNDO PASO:<\/strong><\/li>\n\n\n\n<li><strong>CONSTANCIA DE ESTUDIOS CONCLUIDOS:<\/strong><strong>\u00a0<\/strong>Para solicitar ingrese al enlace:<a href=\"https:\/\/tramites.unap.edu.pe\/\" target=\"_blank\" rel=\"noreferrer noopener\">\u00a0https:\/\/tramites.unap.edu.pe\/<\/a>\u00a0\u00a0\u00a0\u00a0\u00a0\u00a0\u00a0\u00a0\u00a0\u00a0\u00a0\u00a0\u00a0\u00a0\u00a0\u00a0\u00a0\u00a0\u00a0\u00a0\u00a0\u00a0\u00a0<\/li>\n<\/ul>\n\n\n\n<p>(pagar S\/. 22.60 en Banco de la Naci\u00f3n cuenta tasas educativas&nbsp;<strong>c\u00f3digo 0033,&nbsp;&nbsp;<\/strong>pago a realiza con su c\u00f3digo de estudiante)<\/p>\n\n\n\n<ul class=\"wp-block-list\">\n<li><strong>CERTIFICADO DE ESTUDIOS:<\/strong><strong>\u00a0<\/strong>para solicitar ingrese al enlace:<a href=\"https:\/\/tramites.unap.edu.pe\/\" target=\"_blank\" rel=\"noreferrer noopener\">\u00a0https:\/\/tramites.unap.edu.pe\/<\/a>\u00a0 (pagar en el Banco de la Naci\u00f3n, cuenta tasas educativas\u00a0<strong>c\u00f3digo 0024,\u00a0<\/strong>pago a realiza con su c\u00f3digo de estudiante)<\/li>\n<\/ul>\n\n\n\n<p>&nbsp;&nbsp;&nbsp;&nbsp;&nbsp;&nbsp;&nbsp;&nbsp;\ud83d\ude42<strong>\ud83d\udc49<\/strong>pagar seg\u00fan los estudios realizados en especializaci\u00f3n y\/o especialidad<\/p>\n\n\n\n<p>*Si estudi\u00f3&nbsp;<strong>II semestres<\/strong>&nbsp;pagar&nbsp;<strong>S\/. 72.10<\/strong><\/p>\n\n\n\n<p>*Si estudi\u00f3&nbsp;<strong>III semestres<\/strong>&nbsp;pagar&nbsp;<strong>S\/. 105.10<\/strong><\/p>\n\n\n\n<p>*Si estudi\u00f3&nbsp;<strong>IV semestres<\/strong>&nbsp;pagar&nbsp;<strong>S\/. 139.30<\/strong><\/p>\n\n\n\n<ul class=\"wp-block-list\">\n<li><strong>NOTA:<\/strong>\u00a0Para tr\u00e1mite de Constancia de Estudios Concluidos y Certificado de Estudios se solicita<strong>\u00a0FOTOGRAF\u00cdA\u00a0<\/strong>digital, formal y actual con fondo blanco (debe ser tomada de frente, con cabeza totalmente descubierta y sin gafas). \u00a0 \u00a0 <strong>MEDIDA:\u00a0<\/strong>extensi\u00f3n jpg. Tama\u00f1o pasaporte: 3.5 cm*4.5 cm (dimensiones: 413 x 531 pixeles como m\u00ednimo) \u00a0 \u00a0 \u00a0 \u00a0 \u00a0 \u00a0 \u00a0 \u00a0 \u00a0 \u00a0 \u00a0 \u00a0 \u00a0 \u00a0 \u00a0 \u00a0 \u00a0 \u00a0 \u00a0 \u00a0 \u00a0 \u00a0 No se acepta fotograf\u00eda escaneada, si no cumple con las especificaciones no se le atender\u00e1.\u00a0\u00a0 \u00a0 \u00a0 \u00a0 \u00a0 \u00a0 \u00a0 \u00a0 \u00a0 \u00a0 \u00a0 \u00a0 \u00a0 \u00a0 \u00a0 \u00a0 \u00a0 <\/li>\n<\/ul>\n","protected":false},"excerpt":{"rendered":"<p>&nbsp;&nbsp;&nbsp;&nbsp;&nbsp;&nbsp;&nbsp;\ud83d\udc49&nbsp;FORMULARIO PARA SOLICITAR CONSTANCIA DE CONFORMIDAD:&nbsp;SOLICITE AQU\u00cd&nbsp; &nbsp;&nbsp;&nbsp;&nbsp;&nbsp;&nbsp;&nbsp;&nbsp;\ud83d\ude42NOTA:&nbsp;La constancia de conformidad no se le enviar\u00e1 al interesado, la presente solicitud se realiza para habilitar el sistema. &nbsp; &nbsp; &nbsp; &nbsp; &nbsp; &nbsp; &nbsp; &nbsp; &nbsp; &nbsp; &nbsp; &nbsp; &nbsp; &nbsp; &nbsp; &nbsp; &nbsp; &nbsp; &nbsp; &nbsp;&nbsp;&nbsp;(plazo m\u00e1ximo para habilitar el sistema es de 06 d\u00edas [&hellip;]<\/p>\n","protected":false},"author":1,"featured_media":0,"parent":0,"menu_order":0,"comment_status":"closed","ping_status":"closed","template":"","meta":{"footnotes":""},"class_list":["post-23","page","type-page","status-publish","hentry"],"_links":{"self":[{"href":"https:\/\/piuse.unap.edu.pe\/public\/index.php?rest_route=\/wp\/v2\/pages\/23","targetHints":{"allow":["GET"]}}],"collection":[{"href":"https:\/\/piuse.unap.edu.pe\/public\/index.php?rest_route=\/wp\/v2\/pages"}],"about":[{"href":"https:\/\/piuse.unap.edu.pe\/public\/index.php?rest_route=\/wp\/v2\/types\/page"}],"author":[{"embeddable":true,"href":"https:\/\/piuse.unap.edu.pe\/public\/index.php?rest_route=\/wp\/v2\/users\/1"}],"replies":[{"embeddable":true,"href":"https:\/\/piuse.unap.edu.pe\/public\/index.php?rest_route=%2Fwp%2Fv2%2Fcomments&post=23"}],"version-history":[{"count":4,"href":"https:\/\/piuse.unap.edu.pe\/public\/index.php?rest_route=\/wp\/v2\/pages\/23\/revisions"}],"predecessor-version":[{"id":60,"href":"https:\/\/piuse.unap.edu.pe\/public\/index.php?rest_route=\/wp\/v2\/pages\/23\/revisions\/60"}],"wp:attachment":[{"href":"https:\/\/piuse.unap.edu.pe\/public\/index.php?rest_route=%2Fwp%2Fv2%2Fmedia&parent=23"}],"curies":[{"name":"wp","href":"https:\/\/api.w.org\/{rel}","templated":true}]}}